{"id":112,"date":"2023-08-24T14:56:30","date_gmt":"2023-08-24T12:56:30","guid":{"rendered":"http:\/\/solutionsdorthographe.com\/?page_id=112"},"modified":"2023-10-06T11:51:55","modified_gmt":"2023-10-06T09:51:55","slug":"politique-de-remboursement","status":"publish","type":"page","link":"https:\/\/solutionsdorthographe.com\/index.php\/politique-de-remboursement\/","title":{"rendered":"politique de remboursement"},"content":{"rendered":"<p>[et_pb_section fb_built=\u00a0\u00bb1&Prime; _builder_version=\u00a0\u00bb4.22.1&Prime; _module_preset=\u00a0\u00bbdefault\u00a0\u00bb global_colors_info=\u00a0\u00bb{}\u00a0\u00bb][et_pb_row _builder_version=\u00a0\u00bb4.22.1&Prime; _module_preset=\u00a0\u00bbdefault\u00a0\u00bb custom_padding=\u00a0\u00bb26px|||||\u00a0\u00bb hover_enabled=\u00a0\u00bb0&Prime; global_colors_info=\u00a0\u00bb{}\u00a0\u00bb sticky_enabled=\u00a0\u00bb0&Prime;][et_pb_column type=\u00a0\u00bb4_4&Prime; _builder_version=\u00a0\u00bb4.22.1&Prime; _module_preset=\u00a0\u00bbdefault\u00a0\u00bb global_colors_info=\u00a0\u00bb{}\u00a0\u00bb][et_pb_text _builder_version=\u00a0\u00bb4.22.1&Prime; _module_preset=\u00a0\u00bbdefault\u00a0\u00bb global_colors_info=\u00a0\u00bb{}\u00a0\u00bb]<\/p>\n<p><strong>Conditions d&rsquo;annulation<\/strong><\/p>\n<p>Les annulations peuvent \u00eatre faites en ligne jusqu&rsquo;\u00e0 24 heures avant le cours ; ni les cours \u00e0 l&rsquo;unit\u00e9 ni les forfaits ne seront rembours\u00e9s, mais pourront \u00eatre report\u00e9s.<\/p>\n<p>&nbsp;<\/p>\n<p>&nbsp;<\/p>\n<p>[\/et_pb_text][\/et_pb_column][\/et_pb_row][\/et_pb_section]<\/p>\n","protected":false},"excerpt":{"rendered":"<p>Conditions d&rsquo;annulation Les annulations peuvent \u00eatre faites en ligne jusqu&rsquo;\u00e0 24 heures avant le cours ; ni les cours \u00e0 l&rsquo;unit\u00e9 ni les forfaits ne seront rembours\u00e9s, mais pourront \u00eatre report\u00e9s. &nbsp; &nbsp;<\/p>\n","protected":false},"author":2,"featured_media":0,"parent":0,"menu_order":0,"comment_status":"closed","ping_status":"closed","template":"","meta":{"_et_pb_use_builder":"on","_et_pb_old_content":"","_et_gb_content_width":"","footnotes":""},"class_list":["post-112","page","type-page","status-publish","hentry"],"_links":{"self":[{"href":"https:\/\/solutionsdorthographe.com\/index.php\/wp-json\/wp\/v2\/pages\/112","targetHints":{"allow":["GET"]}}],"collection":[{"href":"https:\/\/solutionsdorthographe.com\/index.php\/wp-json\/wp\/v2\/pages"}],"about":[{"href":"https:\/\/solutionsdorthographe.com\/index.php\/wp-json\/wp\/v2\/types\/page"}],"author":[{"embeddable":true,"href":"https:\/\/solutionsdorthographe.com\/index.php\/wp-json\/wp\/v2\/users\/2"}],"replies":[{"embeddable":true,"href":"https:\/\/solutionsdorthographe.com\/index.php\/wp-json\/wp\/v2\/comments?post=112"}],"version-history":[{"count":5,"href":"https:\/\/solutionsdorthographe.com\/index.php\/wp-json\/wp\/v2\/pages\/112\/revisions"}],"predecessor-version":[{"id":301,"href":"https:\/\/solutionsdorthographe.com\/index.php\/wp-json\/wp\/v2\/pages\/112\/revisions\/301"}],"wp:attachment":[{"href":"https:\/\/solutionsdorthographe.com\/index.php\/wp-json\/wp\/v2\/media?parent=112"}],"curies":[{"name":"wp","href":"https:\/\/api.w.org\/{rel}","templated":true}]}}