{"id":18,"date":"2023-08-24T14:09:58","date_gmt":"2023-08-24T12:09:58","guid":{"rendered":"http:\/\/solutionsdorthographe.com\/?page_id=18"},"modified":"2025-12-14T19:48:40","modified_gmt":"2025-12-14T18:48:40","slug":"reserver-un-cours","status":"publish","type":"page","link":"https:\/\/solutionsdorthographe.com\/index.php\/reserver-un-cours\/","title":{"rendered":"R\u00e9server un cours"},"content":{"rendered":"<p>[et_pb_section fb_built=\u00a0\u00bb1&Prime; _builder_version=\u00a0\u00bb4.20.4&Prime; _module_preset=\u00a0\u00bbdefault\u00a0\u00bb custom_margin=\u00a0\u00bb0px||0px||false|false\u00a0\u00bb custom_padding=\u00a0\u00bb0px||0px||false|false\u00a0\u00bb global_colors_info=\u00a0\u00bb{}\u00a0\u00bb][et_pb_row _builder_version=\u00a0\u00bb4.22.1&Prime; _module_preset=\u00a0\u00bbdefault\u00a0\u00bb width=\u00a0\u00bb100%\u00a0\u00bb max_width=\u00a0\u00bb100%\u00a0\u00bb max_height=\u00a0\u00bb200px\u00a0\u00bb custom_margin=\u00a0\u00bb0px||0px||false|false\u00a0\u00bb custom_padding=\u00a0\u00bb0px||0px||false|false\u00a0\u00bb global_colors_info=\u00a0\u00bb{}\u00a0\u00bb][et_pb_column type=\u00a0\u00bb4_4&Prime; _builder_version=\u00a0\u00bb4.20.4&Prime; _module_preset=\u00a0\u00bbdefault\u00a0\u00bb global_colors_info=\u00a0\u00bb{}\u00a0\u00bb][et_pb_image src=\u00a0\u00bbhttp:\/\/solutionsdorthographe.com\/wp-content\/uploads\/2023\/08\/Rectangle-23.png\u00a0\u00bb title_text=\u00a0\u00bbRectangle-23&Prime; force_fullwidth=\u00a0\u00bbon\u00a0\u00bb _builder_version=\u00a0\u00bb4.22.1&Prime; _module_preset=\u00a0\u00bbdefault\u00a0\u00bb global_colors_info=\u00a0\u00bb{}\u00a0\u00bb][\/et_pb_image][\/et_pb_column][\/et_pb_row][\/et_pb_section][et_pb_section fb_built=\u00a0\u00bb1&Prime; custom_padding_last_edited=\u00a0\u00bbon|phone\u00a0\u00bb _builder_version=\u00a0\u00bb4.22.1&Prime; _module_preset=\u00a0\u00bbdefault\u00a0\u00bb custom_margin=\u00a0\u00bb0px||||false|false\u00a0\u00bb custom_margin_tablet=\u00a0\u00bb0px||||false|false\u00a0\u00bb custom_margin_phone=\u00a0\u00bb0px||||false|false\u00a0\u00bb custom_margin_last_edited=\u00a0\u00bbon|desktop\u00a0\u00bb custom_padding=\u00a0\u00bb0px||0px||false|false\u00a0\u00bb custom_padding_tablet=\u00a0\u00bb0px||||false|false\u00a0\u00bb custom_padding_phone=\u00a0\u00bb0px||||false|false\u00a0\u00bb global_colors_info=\u00a0\u00bb{}\u00a0\u00bb][et_pb_row _builder_version=\u00a0\u00bb4.22.1&Prime; _module_preset=\u00a0\u00bbdefault\u00a0\u00bb width=\u00a0\u00bb60%\u00a0\u00bb custom_margin=\u00a0\u00bb||||false|false\u00a0\u00bb custom_padding=\u00a0\u00bb0px||0px||false|false\u00a0\u00bb hover_enabled=\u00a0\u00bb0&Prime; global_colors_info=\u00a0\u00bb{}\u00a0\u00bb width_last_edited=\u00a0\u00bbon|desktop\u00a0\u00bb sticky_enabled=\u00a0\u00bb0&Prime; width_tablet=\u00a0\u00bb95%\u00a0\u00bb width_phone=\u00a0\u00bb95%\u00a0\u00bb][et_pb_column type=\u00a0\u00bb4_4&Prime; _builder_version=\u00a0\u00bb4.22.1&Prime; _module_preset=\u00a0\u00bbdefault\u00a0\u00bb global_colors_info=\u00a0\u00bb{}\u00a0\u00bb][et_pb_code _builder_version=\u00a0\u00bb4.22.1&Prime; _module_preset=\u00a0\u00bbdefault\u00a0\u00bb hover_enabled=\u00a0\u00bb0&Prime; custom_css_main_element=\u00a0\u00bb.pricing {||width: 95%;||margin: 40px auto;||border-radius: 12px;||overflow: hidden;||color: #fff;||}||||.row {||display: flex;||justify-content: space-between;||align-items: center;||padding: 8px 20px;||font-size: 18px;||}||||.row span.note {||font-size: 13px;||opacity: 0.85;||margin-left: 6px;||}||||.row.price {||font-weight: bold;||font-size: 20px;||}||||.row:nth-child(1) {||background: #5a00cc;||}||||.row:nth-child(2) {||background: #7a1fff;||}||||.row:nth-child(3) {||background: #5a00cc;||}\u00a0\u00bb global_module=\u00a0\u00bb583&Prime; global_colors_info=\u00a0\u00bb{}\u00a0\u00bb sticky_enabled=\u00a0\u00bb0&Prime;]<\/p>\n<div class=\"pricing\"><!-- [et_pb_line_break_holder] --><\/p>\n<div class=\"row\"><!-- [et_pb_line_break_holder] --><\/p>\n<div> 1 cours <\/div>\n<p><!-- [et_pb_line_break_holder] --><\/p>\n<div class=\"price\"> 30 \u20ac <\/div>\n<p><!-- [et_pb_line_break_holder] --><\/div>\n<p><!-- [et_pb_line_break_holder] --><!-- [et_pb_line_break_holder] --><\/p>\n<div class=\"row\"><!-- [et_pb_line_break_holder] --><\/p>\n<div> 5 cours <\/div>\n<p><!-- [et_pb_line_break_holder] --><\/p>\n<div class=\"price\"> 135 \u20ac <\/div>\n<p><!-- [et_pb_line_break_holder] --><\/div>\n<p><!-- [et_pb_line_break_holder] --><!-- [et_pb_line_break_holder] --><\/p>\n<div class=\"row\"><!-- [et_pb_line_break_holder] --><\/p>\n<div> 10 cours <\/div>\n<p><!-- [et_pb_line_break_holder] --><\/p>\n<div class=\"price\"> 250 \u20ac <\/div>\n<p><!-- [et_pb_line_break_holder] --><\/div>\n<\/div>\n<p>[\/et_pb_code][\/et_pb_column][\/et_pb_row][et_pb_row column_structure=\u00a0\u00bb1_2,1_2&Prime; _builder_version=\u00a0\u00bb4.22.1&Prime; _module_preset=\u00a0\u00bbdefault\u00a0\u00bb width=\u00a0\u00bb90%\u00a0\u00bb custom_margin=\u00a0\u00bb64px||64px||false|false\u00a0\u00bb global_colors_info=\u00a0\u00bb{}\u00a0\u00bb][et_pb_column type=\u00a0\u00bb1_2&Prime; _builder_version=\u00a0\u00bb4.20.4&Prime; _module_preset=\u00a0\u00bbdefault\u00a0\u00bb global_colors_info=\u00a0\u00bb{}\u00a0\u00bb][et_pb_text _builder_version=\u00a0\u00bb4.22.1&Prime; _module_preset=\u00a0\u00bbdefault\u00a0\u00bb custom_margin=\u00a0\u00bb98px||||false|false\u00a0\u00bb custom_margin_tablet=\u00a0\u00bb0px||||false|false\u00a0\u00bb custom_margin_phone=\u00a0\u00bb0px||||false|false\u00a0\u00bb custom_margin_last_edited=\u00a0\u00bbon|phone\u00a0\u00bb global_colors_info=\u00a0\u00bb{}\u00a0\u00bb]<\/p>\n<div class=\"dByP7suNIfCqOSaMcM6_ _CXzNZJcVKGB6oSxcDYf\">\n<h1 class=\"aJYfwRAjpy85vGyjTA_k aNTWZDYqtNuY8Y3A0Rlw nCQmpQ3zRtu1xXb_x8YC lfS31_5Mqhye4NzHzcKh UqnoAE3IPZScZj__n24Z\">Cours d&rsquo;orthographe et de grammaire<\/h1>\n<\/div>\n<div class=\"dukviH9w_EuHzTw_qBQt NgoiMCeEYfWcZjlNlAgG AyhFx5OlFGq9yVKxlioJ\">\n<div data-container=\"details\" class=\"_L4TEojXfdzWp8RxMPuB N0L2N94hAAnivlQ6DGit Ko5wAaZye5TiJ64tY67l PO5XPbkuZPY7V9uoHMUx\">\n<div class=\"YAmKI90l5OyINFgGmq9L TuKawS25ZXxJafgZdElP\">\n<div class=\"kjPV9BSUqWArFIVxfBTq _7Au4UjgXrnFtkfgdDsM\"><\/div>\n<p>&nbsp;<\/p>\n<\/div>\n<\/div>\n<\/div>\n<div>\n<div class=\"yHJsX7btzZUMOuQu_qbF _QY08ZnTdckO8dGtuWjX rITYjoHV2NF_yl1tR68x rUewQ7gbiLM7fEmxWleS\">\n<div class=\"k_tUa2XwT0esKZkWYshM UOUgYFhrylMAqJDUG1Tn\">\n<p><strong>D\u00e9roul\u00e9 d\u2019une s\u00e9ance (une heure) :<\/strong><\/p>\n<p><span style=\"font-size: 16px;\">&#8211; Pr\u00e9senter le th\u00e8me choisi (orthographe, grammaire, conjugaison, syntaxe).<\/span><\/p>\n<p>&#8211; Proposer des exercices simples pour faire r\u00e9fl\u00e9chir l&rsquo;\u00e9l\u00e8ve et ancrer l\u2019apprentissage.<\/p>\n<p>&#8211; Revenir sur les r\u00e8gles si besoin.<\/p>\n<p>&nbsp;<\/p>\n<p>Lors des s\u00e9ances suivantes :<\/p>\n<p>&#8211; Revenir syst\u00e9matiquement et bri\u00e8vement sur les acquisitions de la s\u00e9ance pr\u00e9c\u00e9dente (l&rsquo;\u00e9l\u00e8ve s\u2019engage \u00e0 faire preuve de la validation de ses apprentissages lors de la s\u00e9ance suivante).<\/p>\n<p>&#8211; Lancer un nouveau th\u00e8me et y lier des activit\u00e9s d\u2019ancrage.<\/p>\n<p>&nbsp;<\/p>\n<p>En cas de doute, se poser toujours les bonnes questions.<\/p>\n<p>Entre deux s\u00e9ances, l&rsquo;\u00e9l\u00e8ve b\u00e9n\u00e9ficie de contacts par e-mail ou t\u00e9l\u00e9phone \u00e0 volont\u00e9.<\/p>\n<\/div>\n<\/div>\n<\/div>\n<p>[\/et_pb_text][\/et_pb_column][et_pb_column type=\u00a0\u00bb1_2&Prime; _builder_version=\u00a0\u00bb4.20.4&Prime; _module_preset=\u00a0\u00bbdefault\u00a0\u00bb global_colors_info=\u00a0\u00bb{}\u00a0\u00bb][divi_step_booking booking_params=\u00a0\u00bbon\u00a0\u00bb categories=\u00a0\u00bbCours d&rsquo;ortographe (id: 1)\u00a0\u00bb _builder_version=\u00a0\u00bb4.20.4&Prime; _module_preset=\u00a0\u00bbdefault\u00a0\u00bb global_colors_info=\u00a0\u00bb{}\u00a0\u00bb][\/divi_step_booking][\/et_pb_column][\/et_pb_row][\/et_pb_section][et_pb_section fb_built=\u00a0\u00bb1&Prime; _builder_version=\u00a0\u00bb4.20.4&Prime; _module_preset=\u00a0\u00bbdefault\u00a0\u00bb saved_tabs=\u00a0\u00bball\u00a0\u00bb global_colors_info=\u00a0\u00bb{}\u00a0\u00bb][et_pb_row column_structure=\u00a0\u00bb1_2,1_2&Prime; make_equal=\u00a0\u00bbon\u00a0\u00bb _builder_version=\u00a0\u00bb4.22.1&Prime; _module_preset=\u00a0\u00bbdefault\u00a0\u00bb width=\u00a0\u00bb90%\u00a0\u00bb global_colors_info=\u00a0\u00bb{}\u00a0\u00bb][et_pb_column type=\u00a0\u00bb1_2&Prime; _builder_version=\u00a0\u00bb4.20.4&Prime; _module_preset=\u00a0\u00bbdefault\u00a0\u00bb global_colors_info=\u00a0\u00bb{}\u00a0\u00bb][et_pb_image src=\u00a0\u00bbhttp:\/\/solutionsdorthographe.com\/wp-content\/uploads\/2023\/10\/photo-contact.jpg\u00a0\u00bb title_text=\u00a0\u00bbphoto contact\u00a0\u00bb disabled_on=\u00a0\u00bbon|on|off\u00a0\u00bb _builder_version=\u00a0\u00bb4.22.1&Prime; _module_preset=\u00a0\u00bbdefault\u00a0\u00bb global_colors_info=\u00a0\u00bb{}\u00a0\u00bb][\/et_pb_image][\/et_pb_column][et_pb_column type=\u00a0\u00bb1_2&Prime; _builder_version=\u00a0\u00bb4.20.4&Prime; _module_preset=\u00a0\u00bbdefault\u00a0\u00bb custom_css_main_element=\u00a0\u00bbmargin:auto;\u00a0\u00bb global_colors_info=\u00a0\u00bb{}\u00a0\u00bb][et_pb_text _builder_version=\u00a0\u00bb4.20.4&Prime; _module_preset=\u00a0\u00bbdefault\u00a0\u00bb header_text_align=\u00a0\u00bbcenter\u00a0\u00bb header_2_text_align=\u00a0\u00bbcenter\u00a0\u00bb header_2_font_size=\u00a0\u00bb48px\u00a0\u00bb global_colors_info=\u00a0\u00bb{}\u00a0\u00bb]<\/p>\n<h2>Me contacter<\/h2>\n<p>[\/et_pb_text][et_pb_text _builder_version=\u00a0\u00bb4.20.4&Prime; _module_preset=\u00a0\u00bbdefault\u00a0\u00bb custom_margin=\u00a0\u00bb|40px||40px|false|false\u00a0\u00bb custom_margin_tablet=\u00a0\u00bb\u00a0\u00bb custom_margin_phone=\u00a0\u00bb|0px||0px|false|false\u00a0\u00bb custom_margin_last_edited=\u00a0\u00bbon|phone\u00a0\u00bb global_colors_info=\u00a0\u00bb{}\u00a0\u00bb]<\/p>\n<p>Besoin d&rsquo;aide ou de plus d&rsquo;informations ?\u00a0 <span style=\"text-decoration: underline;\"><a href=\"https:\/\/testsolutiondortographe.alwinbolzon.fr\/index.php\/faq\/\">Consultez la FAQ <\/a><\/span>pour trouver des r\u00e9ponses rapides. Si vous ne trouvez pas ce que vous cherchez, contactez-moi par messagerie, je vous r\u00e9pondrai personnellement.<\/p>\n<p>[\/et_pb_text][et_pb_button button_url=\u00a0\u00bbhttp:\/\/solutionsdorthographe.com\/index.php\/contact\/\u00a0\u00bb button_text=\u00a0\u00bbMe contacter\u00a0\u00bb button_alignment=\u00a0\u00bbcenter\u00a0\u00bb _builder_version=\u00a0\u00bb4.22.1&Prime; _module_preset=\u00a0\u00bbdefault\u00a0\u00bb custom_button=\u00a0\u00bbon\u00a0\u00bb button_text_size=\u00a0\u00bb100%\u00a0\u00bb button_text_color=\u00a0\u00bb#FFFFFF\u00a0\u00bb button_bg_color=\u00a0\u00bb#5E00D7&Prime; button_border_width=\u00a0\u00bb4px\u00a0\u00bb button_border_color=\u00a0\u00bb#5E00D7&Prime; custom_margin=\u00a0\u00bb||||false|false\u00a0\u00bb custom_margin_tablet=\u00a0\u00bb||||false|false\u00a0\u00bb custom_margin_phone=\u00a0\u00bb||20px||false|false\u00a0\u00bb custom_margin_last_edited=\u00a0\u00bbon|phone\u00a0\u00bb custom_padding=\u00a0\u00bb8px|10%|8px|10%|false|false\u00a0\u00bb button_text_color_last_edited=\u00a0\u00bboff|desktop\u00a0\u00bb global_colors_info=\u00a0\u00bb{}\u00a0\u00bb button_text_color__hover_enabled=\u00a0\u00bbon|desktop\u00a0\u00bb button_text_color__hover=\u00a0\u00bb#5E00D7&Prime; button_bg_color__hover_enabled=\u00a0\u00bbon|hover\u00a0\u00bb button_bg_color__hover=\u00a0\u00bb#FFFFFF\u00a0\u00bb button_bg_enable_color__hover=\u00a0\u00bbon\u00a0\u00bb button_border_radius__hover_enabled=\u00a0\u00bbon|hover\u00a0\u00bb button_border_radius__hover=\u00a0\u00bb50px\u00a0\u00bb][\/et_pb_button][\/et_pb_column][\/et_pb_row][\/et_pb_section]<\/p>\n","protected":false},"excerpt":{"rendered":"<p>Cours d&rsquo;orthographe et de grammaire &nbsp; D\u00e9roul\u00e9 d\u2019une s\u00e9ance (une heure) : &#8211; Pr\u00e9senter le th\u00e8me choisi (orthographe, grammaire, conjugaison, syntaxe). &#8211; Proposer des exercices simples pour faire r\u00e9fl\u00e9chir l&rsquo;\u00e9l\u00e8ve et ancrer l\u2019apprentissage. &#8211; Revenir sur les r\u00e8gles si besoin. &nbsp; Lors des s\u00e9ances suivantes : &#8211; Revenir syst\u00e9matiquement et bri\u00e8vement sur les acquisitions de [&hellip;]<\/p>\n","protected":false},"author":2,"featured_media":0,"parent":0,"menu_order":0,"comment_status":"closed","ping_status":"closed","template":"","meta":{"_et_pb_use_builder":"on","_et_pb_old_content":"","_et_gb_content_width":"","footnotes":""},"class_list":["post-18","page","type-page","status-publish","hentry"],"_links":{"self":[{"href":"https:\/\/solutionsdorthographe.com\/index.php\/wp-json\/wp\/v2\/pages\/18","targetHints":{"allow":["GET"]}}],"collection":[{"href":"https:\/\/solutionsdorthographe.com\/index.php\/wp-json\/wp\/v2\/pages"}],"about":[{"href":"https:\/\/solutionsdorthographe.com\/index.php\/wp-json\/wp\/v2\/types\/page"}],"author":[{"embeddable":true,"href":"https:\/\/solutionsdorthographe.com\/index.php\/wp-json\/wp\/v2\/users\/2"}],"replies":[{"embeddable":true,"href":"https:\/\/solutionsdorthographe.com\/index.php\/wp-json\/wp\/v2\/comments?post=18"}],"version-history":[{"count":41,"href":"https:\/\/solutionsdorthographe.com\/index.php\/wp-json\/wp\/v2\/pages\/18\/revisions"}],"predecessor-version":[{"id":607,"href":"https:\/\/solutionsdorthographe.com\/index.php\/wp-json\/wp\/v2\/pages\/18\/revisions\/607"}],"wp:attachment":[{"href":"https:\/\/solutionsdorthographe.com\/index.php\/wp-json\/wp\/v2\/media?parent=18"}],"curies":[{"name":"wp","href":"https:\/\/api.w.org\/{rel}","templated":true}]}}